{"id":563,"date":"2023-12-29T11:05:13","date_gmt":"2023-12-29T11:05:13","guid":{"rendered":"https:\/\/torreblancagolfsociety.com\/?page_id=563"},"modified":"2024-12-22T07:15:47","modified_gmt":"2024-12-22T07:15:47","slug":"contact","status":"publish","type":"page","link":"https:\/\/torreblancagolfsociety.com\/?page_id=563","title":{"rendered":"Contact"},"content":{"rendered":"\t\t<div data-elementor-type=\"wp-page\" data-elementor-id=\"563\" class=\"elementor elementor-563\" data-elementor-post-type=\"page\">\n\t\t\t\t<div class=\"elementor-element elementor-element-0d52334 e-flex e-con-boxed e-con e-parent\" data-id=\"0d52334\" data-element_type=\"container\">\n\t\t\t\t\t<div class=\"e-con-inner\">\n\t\t\t\t<div class=\"elementor-element elementor-element-71d17b7 elementor-widget elementor-widget-text-editor\" data-id=\"71d17b7\" data-element_type=\"widget\" data-widget_type=\"text-editor.default\">\n\t\t\t\t<div class=\"elementor-widget-container\">\n\t\t\t\t\t\t\t\t\t<h4>Torreblanca Golf Society Contact<\/h4>\t\t\t\t\t\t\t\t<\/div>\n\t\t\t\t<\/div>\n\t\t\t\t\t<\/div>\n\t\t\t\t<\/div>\n\t\t<div class=\"elementor-element elementor-element-ff87f3d e-flex e-con-boxed e-con e-parent\" data-id=\"ff87f3d\" data-element_type=\"container\">\n\t\t\t\t\t<div class=\"e-con-inner\">\n\t\t<div class=\"elementor-element elementor-element-38bd064 e-con-full e-flex e-con e-child\" data-id=\"38bd064\" data-element_type=\"container\">\n\t\t\t\t<div class=\"elementor-element elementor-element-a069a8c elementor-widget elementor-widget-text-editor\" data-id=\"a069a8c\" data-element_type=\"widget\" data-widget_type=\"text-editor.default\">\n\t\t\t\t<div class=\"elementor-widget-container\">\n\t\t\t\t\t\t\t\t\t<div class=\"paragraph\">We run out of the Red Dragon Golf Bar on the Paseo Maritimo in Torreblanca.<br><\/div>\n<div class=\"paragraph\">Why not go along for a beer and chat, Andy, Trish or a member of staff will be pleased to serve you.<\/div>\n<div>&nbsp;<\/div>\n<div class=\"paragraph\">Take a look at the notice board for more information.&nbsp;<\/div>\n<div>&nbsp;<\/div>\n<div class=\"paragraph\">\n<\/div>\t\t\t\t\t\t\t\t<\/div>\n\t\t\t\t<\/div>\n\t\t\t\t<div class=\"elementor-element elementor-element-b6eeb3e elementor-widget elementor-widget-text-editor\" data-id=\"b6eeb3e\" data-element_type=\"widget\" data-widget_type=\"text-editor.default\">\n\t\t\t\t<div class=\"elementor-widget-container\">\n\t\t\t\t\t\t\t\t\t<p>To contact us please email us at <a href=\"mailto:torreblancagolfsociety@gmail.com\">torreblancagolfsociety@gmail.com\u00a0<\/a><\/p>\t\t\t\t\t\t\t\t<\/div>\n\t\t\t\t<\/div>\n\t\t\t\t<\/div>\n\t\t<div class=\"elementor-element elementor-element-a49028c e-con-full e-flex e-con e-child\" data-id=\"a49028c\" data-element_type=\"container\">\n\t\t\t\t<div class=\"elementor-element elementor-element-0e7cc05 elementor-widget elementor-widget-text-editor\" data-id=\"0e7cc05\" data-element_type=\"widget\" data-widget_type=\"text-editor.default\">\n\t\t\t\t<div class=\"elementor-widget-container\">\n\t\t\t\t\t\t\t\t\t<h2 class=\"wsite-content-title\"><span style=\"font-size: small;\">EMAIL ADDRESS<\/span><\/h2><div class=\"paragraph\"><a href=\"mailto:torreblancagolfsociety@gmail.com\">torreblancagolfsociety@gmail.com<br \/><\/a><\/div><h2 class=\"wsite-content-title\"><span style=\"font-size: small;\">TELEPHONE NUMBERS<\/span><\/h2><div class=\"paragraph\"><p>\u00a0Simon Waby: +34 654 825 504 or +44 7784 108 969<br \/>John Yuill: +34\u00a0647 015 431<\/p><\/div><h2 class=\"wsite-content-title\"><span style=\"font-size: medium;\">\u00a0ADDRESS<\/span><\/h2><div class=\"paragraph\">The Red Dragon Golf Bar<br \/>Paseo Mar\u00edtimo Rey de Espa\u00f1a, 125<br \/>Torreblanca<br \/>29640 Fuengirola, M\u00e1laga<br \/>Telephone: 651 077 651<\/div>\t\t\t\t\t\t\t\t<\/div>\n\t\t\t\t<\/div>\n\t\t\t\t<\/div>\n\t\t\t\t\t<\/div>\n\t\t\t\t<\/div>\n\t\t<div class=\"elementor-element elementor-element-9800174 e-flex e-con-boxed e-con e-parent\" data-id=\"9800174\" data-element_type=\"container\">\n\t\t\t\t\t<div class=\"e-con-inner\">\n\t\t\t\t<div class=\"elementor-element elementor-element-7a6fba1 elementor-widget elementor-widget-google_maps\" data-id=\"7a6fba1\" data-element_type=\"widget\" data-widget_type=\"google_maps.default\">\n\t\t\t\t<div class=\"elementor-widget-container\">\n\t\t\t\t\t\t\t<div class=\"elementor-custom-embed\">\n\t\t\t<iframe loading=\"lazy\"\n\t\t\t\t\tsrc=\"https:\/\/maps.google.com\/maps?q=The%20Red%20Dragon%20P.%C2%BA%20Mar%C3%ADtimo%20Rey%20de%20Espa%C3%B1a%2C%20123%2C%2029640%20Fuengirola%2C%20M%C3%A1laga%2C%20Spain&#038;t=m&#038;z=15&#038;output=embed&#038;iwloc=near\"\n\t\t\t\t\ttitle=\"The Red Dragon P.\u00ba Mar\u00edtimo Rey de Espa\u00f1a, 123, 29640 Fuengirola, M\u00e1laga, Spain\"\n\t\t\t\t\taria-label=\"The Red Dragon P.\u00ba Mar\u00edtimo Rey de Espa\u00f1a, 123, 29640 Fuengirola, M\u00e1laga, Spain\"\n\t\t\t><\/iframe>\n\t\t<\/div>\n\t\t\t\t\t\t<\/div>\n\t\t\t\t<\/div>\n\t\t\t\t\t<\/div>\n\t\t\t\t<\/div>\n\t\t<div class=\"elementor-element elementor-element-1416955 e-flex e-con-boxed e-con e-parent\" data-id=\"1416955\" data-element_type=\"container\">\n\t\t\t\t\t<div class=\"e-con-inner\">\n\t\t\t\t<div class=\"elementor-element elementor-element-87e8cb8 elementor-button-align-stretch elementor-widget elementor-widget-form\" data-id=\"87e8cb8\" data-element_type=\"widget\" data-settings=\"{&quot;step_next_label&quot;:&quot;Next&quot;,&quot;step_previous_label&quot;:&quot;Previous&quot;,&quot;button_width&quot;:&quot;100&quot;,&quot;step_type&quot;:&quot;number_text&quot;,&quot;step_icon_shape&quot;:&quot;circle&quot;}\" data-widget_type=\"form.default\">\n\t\t\t\t<div class=\"elementor-widget-container\">\n\t\t\t\t\t\t\t<form class=\"elementor-form\" method=\"post\" name=\"New Form\">\n\t\t\t<input type=\"hidden\" name=\"post_id\" value=\"563\"\/>\n\t\t\t<input type=\"hidden\" name=\"form_id\" value=\"87e8cb8\"\/>\n\t\t\t<input type=\"hidden\" name=\"referer_title\" value=\"Contact\" \/>\n\n\t\t\t\t\t\t\t<input type=\"hidden\" name=\"queried_id\" value=\"563\"\/>\n\t\t\t\n\t\t\t<div class=\"elementor-form-fields-wrapper elementor-labels-above\">\n\t\t\t\t\t\t\t\t<div class=\"elementor-field-type-text elementor-field-group elementor-column elementor-field-group-name elementor-col-100\">\n\t\t\t\t\t\t\t\t\t\t\t\t<label for=\"form-field-name\" class=\"elementor-field-label\">\n\t\t\t\t\t\t\t\tName\t\t\t\t\t\t\t<\/label>\n\t\t\t\t\t\t\t\t\t\t\t\t\t\t<input size=\"1\" type=\"text\" name=\"form_fields[name]\" id=\"form-field-name\" class=\"elementor-field elementor-size-sm  elementor-field-textual\" placeholder=\"Name\">\n\t\t\t\t\t\t\t\t\t\t\t<\/div>\n\t\t\t\t\t\t\t\t<div class=\"elementor-field-type-email elementor-field-group elementor-column elementor-field-group-email elementor-col-100 elementor-field-required\">\n\t\t\t\t\t\t\t\t\t\t\t\t<label for=\"form-field-email\" class=\"elementor-field-label\">\n\t\t\t\t\t\t\t\tEmail\t\t\t\t\t\t\t<\/label>\n\t\t\t\t\t\t\t\t\t\t\t\t\t\t<input size=\"1\" type=\"email\" name=\"form_fields[email]\" id=\"form-field-email\" class=\"elementor-field elementor-size-sm  elementor-field-textual\" placeholder=\"Email\" required=\"required\" aria-required=\"true\">\n\t\t\t\t\t\t\t\t\t\t\t<\/div>\n\t\t\t\t\t\t\t\t<div class=\"elementor-field-type-textarea elementor-field-group elementor-column elementor-field-group-message elementor-col-100\">\n\t\t\t\t\t\t\t\t\t\t\t\t<label for=\"form-field-message\" class=\"elementor-field-label\">\n\t\t\t\t\t\t\t\tMessage\t\t\t\t\t\t\t<\/label>\n\t\t\t\t\t\t<textarea class=\"elementor-field-textual elementor-field  elementor-size-sm\" name=\"form_fields[message]\" id=\"form-field-message\" rows=\"4\" placeholder=\"Message\"><\/textarea>\t\t\t\t<\/div>\n\t\t\t\t\t\t\t\t<div class=\"elementor-field-group elementor-column elementor-field-type-submit elementor-col-100 e-form__buttons\">\n\t\t\t\t\t<button class=\"elementor-button elementor-size-sm\" type=\"submit\">\n\t\t\t\t\t\t<span class=\"elementor-button-content-wrapper\">\n\t\t\t\t\t\t\t\t\t\t\t\t\t\t\t\t\t\t\t\t\t\t<span class=\"elementor-button-text\">Send<\/span>\n\t\t\t\t\t\t\t\t\t\t\t\t\t<\/span>\n\t\t\t\t\t<\/button>\n\t\t\t\t<\/div>\n\t\t\t<\/div>\n\t\t<\/form>\n\t\t\t\t\t\t<\/div>\n\t\t\t\t<\/div>\n\t\t\t\t\t<\/div>\n\t\t\t\t<\/div>\n\t\t\t\t<\/div>\n\t\t","protected":false},"excerpt":{"rendered":"<p>Torreblanca Golf Society Contact We run out of the Red Dragon Golf Bar on the Paseo Maritimo in Torreblanca. Why not go along for a beer and chat, Andy, Trish or a member of staff will be pleased to serve you. &nbsp; Take a look at the notice board for more information.&nbsp; &nbsp; To contact [&hellip;]<\/p>\n","protected":false},"author":1,"featured_media":0,"parent":0,"menu_order":0,"comment_status":"closed","ping_status":"closed","template":"","meta":{"om_disable_all_campaigns":false,"_monsterinsights_skip_tracking":false,"_monsterinsights_sitenote_active":false,"_monsterinsights_sitenote_note":"","_monsterinsights_sitenote_category":0,"footnotes":""},"class_list":["post-563","page","type-page","status-publish","hentry"],"aioseo_notices":[],"_links":{"self":[{"href":"https:\/\/torreblancagolfsociety.com\/index.php?rest_route=\/wp\/v2\/pages\/563","targetHints":{"allow":["GET"]}}],"collection":[{"href":"https:\/\/torreblancagolfsociety.com\/index.php?rest_route=\/wp\/v2\/pages"}],"about":[{"href":"https:\/\/torreblancagolfsociety.com\/index.php?rest_route=\/wp\/v2\/types\/page"}],"author":[{"embeddable":true,"href":"https:\/\/torreblancagolfsociety.com\/index.php?rest_route=\/wp\/v2\/users\/1"}],"replies":[{"embeddable":true,"href":"https:\/\/torreblancagolfsociety.com\/index.php?rest_route=%2Fwp%2Fv2%2Fcomments&post=563"}],"version-history":[{"count":18,"href":"https:\/\/torreblancagolfsociety.com\/index.php?rest_route=\/wp\/v2\/pages\/563\/revisions"}],"predecessor-version":[{"id":2046,"href":"https:\/\/torreblancagolfsociety.com\/index.php?rest_route=\/wp\/v2\/pages\/563\/revisions\/2046"}],"wp:attachment":[{"href":"https:\/\/torreblancagolfsociety.com\/index.php?rest_route=%2Fwp%2Fv2%2Fmedia&parent=563"}],"curies":[{"name":"wp","href":"https:\/\/api.w.org\/{rel}","templated":true}]}}